{"id":203,"date":"2023-10-20T12:10:00","date_gmt":"2023-10-20T12:10:00","guid":{"rendered":"https:\/\/walkingwithmomssaop.com\/faith\/"},"modified":"2024-09-13T13:51:58","modified_gmt":"2024-09-13T13:51:58","slug":"faith","status":"publish","type":"page","link":"https:\/\/walkingwithmomssaop.com\/es\/faith\/","title":{"rendered":"Inspiraci\u00f3n"},"content":{"rendered":"<p>Cada a\u00f1o, la Iglesia Cat\u00f3lica celebra la Solemnidad de la Anunciaci\u00f3n del Se\u00f1or (el 25 de marzo). Esta celebraci\u00f3n conmemora la visita del \u00e1ngel Gabriel a la Virgen Mar\u00eda para informarle que ser\u00eda la madre de nuestro Salvador. Tras dar su consentimiento a la palabra de Dios, Mar\u00eda concibi\u00f3 a Jes\u00fas en su vientre y se convierte en la madre de Cristo por el poder del Esp\u00edritu Santo. Dios se hizo carne en el vientre de una mujer y \u201cla Palabra se hizo carne\u201d (Juan 1:14).<\/p>\n<p>Cuando el \u00e1ngel Gabriel se apareci\u00f3 por primera vez a Mar\u00eda, ella se sinti\u00f3 turbada y confundida ante la inesperada noticia, pero fielmente acept\u00f3 el plan de Dios para su vida. Como una joven, soltera y embarazada, Mar\u00eda enfrentar\u00eda muchos desaf\u00edos. Hoy en d\u00eda, las madres que enfrentan un embarazo inesperado pueden tener dificultades para reconocer el gran regalo que Dios les ha dado. Preocupaciones sobre la falta de recursos materiales y financieros, as\u00ed como sistemas de apoyo f\u00edsico y emocional, a menudo abruman sus mentes y sus corazones. El miedo y la ansiedad pueden llevar a las mujeres a creer que el aborto es su \u00fanica opci\u00f3n.<\/p>\n<p>Como cat\u00f3licos, sabemos que el aborto nunca es la respuesta para una mujer en necesidad. Durante los per\u00edodos dif\u00edciles en nuestras vidas, todos necesitamos el cuidado y el apoyo de los dem\u00e1s. Para una mujer embarazada en necesidad, el apoyo real y tangible y la compa\u00f1\u00eda de otros pueden permitirle ver un camino a seguir. Saber que no est\u00e1 sola puede permitirle abrir su coraz\u00f3n al plan de Dios y elegir la vida.<\/p>\n","protected":false},"excerpt":{"rendered":"<p>Cada a\u00f1o, la Iglesia Cat\u00f3lica celebra la Solemnidad de la Anunciaci\u00f3n del Se\u00f1or (el 25 de marzo). Esta celebraci\u00f3n conmemora la visita del \u00e1ngel Gabriel a la Virgen Mar\u00eda para informarle que ser\u00eda la madre de nuestro Salvador. Tras dar su consentimiento a la palabra de Dios, Mar\u00eda concibi\u00f3 a Jes\u00fas en su vientre y [&hellip;]<\/p>\n","protected":false},"author":2,"featured_media":197,"parent":0,"menu_order":0,"comment_status":"closed","ping_status":"closed","template":"basic-page.php","meta":{"_acf_changed":false,"footnotes":""},"class_list":["post-203","page","type-page","status-publish","has-post-thumbnail","hentry"],"acf":[],"yoast_head":"<!-- This site is optimized with the Yoast SEO plugin v26.0 - https:\/\/yoast.com\/wordpress\/plugins\/seo\/ -->\n<title>Inspiraci\u00f3n - WWMIn<\/title>\n<meta name=\"robots\" content=\"index, follow, max-snippet:-1, max-image-preview:large, max-video-preview:-1\" \/>\n<link rel=\"canonical\" href=\"https:\/\/walkingwithmomssaop.com\/es\/faith\/\" \/>\n<meta property=\"og:locale\" content=\"es_ES\" \/>\n<meta property=\"og:type\" content=\"article\" \/>\n<meta property=\"og:title\" content=\"Inspiraci\u00f3n - WWMIn\" \/>\n<meta property=\"og:description\" content=\"Cada a\u00f1o, la Iglesia Cat\u00f3lica celebra la Solemnidad de la Anunciaci\u00f3n del Se\u00f1or (el 25 de marzo). Esta celebraci\u00f3n conmemora la visita del \u00e1ngel Gabriel a la Virgen Mar\u00eda para informarle que ser\u00eda la madre de nuestro Salvador. Tras dar su consentimiento a la palabra de Dios, Mar\u00eda concibi\u00f3 a Jes\u00fas en su vientre y [&hellip;]\" \/>\n<meta property=\"og:url\" content=\"https:\/\/walkingwithmomssaop.com\/es\/faith\/\" \/>\n<meta property=\"og:site_name\" content=\"WWMIn\" \/>\n<meta property=\"article:modified_time\" content=\"2024-09-13T13:51:58+00:00\" \/>\n<meta property=\"og:image\" content=\"https:\/\/walkingwithmomssaop.com\/wp-content\/uploads\/2023\/10\/about-us-2.jpg\" \/>\n\t<meta property=\"og:image:width\" content=\"1920\" \/>\n\t<meta property=\"og:image:height\" content=\"433\" \/>\n\t<meta property=\"og:image:type\" content=\"image\/jpeg\" \/>\n<meta name=\"twitter:card\" content=\"summary_large_image\" \/>\n<meta name=\"twitter:label1\" content=\"Tiempo de lectura\" \/>\n\t<meta name=\"twitter:data1\" content=\"2 minutos\" \/>\n<script type=\"application\/ld+json\" class=\"yoast-schema-graph\">{\"@context\":\"https:\/\/schema.org\",\"@graph\":[{\"@type\":\"WebPage\",\"@id\":\"https:\/\/walkingwithmomssaop.com\/es\/faith\/\",\"url\":\"https:\/\/walkingwithmomssaop.com\/es\/faith\/\",\"name\":\"Inspiraci\u00f3n - WWMIn\",\"isPartOf\":{\"@id\":\"https:\/\/walkingwithmomssaop.com\/es\/#website\"},\"primaryImageOfPage\":{\"@id\":\"https:\/\/walkingwithmomssaop.com\/es\/faith\/#primaryimage\"},\"image\":{\"@id\":\"https:\/\/walkingwithmomssaop.com\/es\/faith\/#primaryimage\"},\"thumbnailUrl\":\"https:\/\/walkingwithmomssaop.com\/wp-content\/uploads\/2023\/10\/about-us-2.jpg\",\"datePublished\":\"2023-10-20T12:10:00+00:00\",\"dateModified\":\"2024-09-13T13:51:58+00:00\",\"breadcrumb\":{\"@id\":\"https:\/\/walkingwithmomssaop.com\/es\/faith\/#breadcrumb\"},\"inLanguage\":\"es\",\"potentialAction\":[{\"@type\":\"ReadAction\",\"target\":[\"https:\/\/walkingwithmomssaop.com\/es\/faith\/\"]}]},{\"@type\":\"ImageObject\",\"inLanguage\":\"es\",\"@id\":\"https:\/\/walkingwithmomssaop.com\/es\/faith\/#primaryimage\",\"url\":\"https:\/\/walkingwithmomssaop.com\/wp-content\/uploads\/2023\/10\/about-us-2.jpg\",\"contentUrl\":\"https:\/\/walkingwithmomssaop.com\/wp-content\/uploads\/2023\/10\/about-us-2.jpg\",\"width\":1920,\"height\":433},{\"@type\":\"BreadcrumbList\",\"@id\":\"https:\/\/walkingwithmomssaop.com\/es\/faith\/#breadcrumb\",\"itemListElement\":[{\"@type\":\"ListItem\",\"position\":1,\"name\":\"Home\",\"item\":\"https:\/\/walkingwithmomssaop.com\/es\/\"},{\"@type\":\"ListItem\",\"position\":2,\"name\":\"Inspiraci\u00f3n\"}]},{\"@type\":\"WebSite\",\"@id\":\"https:\/\/walkingwithmomssaop.com\/es\/#website\",\"url\":\"https:\/\/walkingwithmomssaop.com\/es\/\",\"name\":\"WWMIn\",\"description\":\"\",\"potentialAction\":[{\"@type\":\"SearchAction\",\"target\":{\"@type\":\"EntryPoint\",\"urlTemplate\":\"https:\/\/walkingwithmomssaop.com\/es\/?s={search_term_string}\"},\"query-input\":{\"@type\":\"PropertyValueSpecification\",\"valueRequired\":true,\"valueName\":\"search_term_string\"}}],\"inLanguage\":\"es\"}]}<\/script>\n<!-- \/ Yoast SEO plugin. -->","yoast_head_json":{"title":"Inspiraci\u00f3n - WWMIn","robots":{"index":"index","follow":"follow","max-snippet":"max-snippet:-1","max-image-preview":"max-image-preview:large","max-video-preview":"max-video-preview:-1"},"canonical":"https:\/\/walkingwithmomssaop.com\/es\/faith\/","og_locale":"es_ES","og_type":"article","og_title":"Inspiraci\u00f3n - WWMIn","og_description":"Cada a\u00f1o, la Iglesia Cat\u00f3lica celebra la Solemnidad de la Anunciaci\u00f3n del Se\u00f1or (el 25 de marzo). Esta celebraci\u00f3n conmemora la visita del \u00e1ngel Gabriel a la Virgen Mar\u00eda para informarle que ser\u00eda la madre de nuestro Salvador. Tras dar su consentimiento a la palabra de Dios, Mar\u00eda concibi\u00f3 a Jes\u00fas en su vientre y [&hellip;]","og_url":"https:\/\/walkingwithmomssaop.com\/es\/faith\/","og_site_name":"WWMIn","article_modified_time":"2024-09-13T13:51:58+00:00","og_image":[{"width":1920,"height":433,"url":"https:\/\/walkingwithmomssaop.com\/wp-content\/uploads\/2023\/10\/about-us-2.jpg","type":"image\/jpeg"}],"twitter_card":"summary_large_image","twitter_misc":{"Tiempo de lectura":"2 minutos"},"schema":{"@context":"https:\/\/schema.org","@graph":[{"@type":"WebPage","@id":"https:\/\/walkingwithmomssaop.com\/es\/faith\/","url":"https:\/\/walkingwithmomssaop.com\/es\/faith\/","name":"Inspiraci\u00f3n - WWMIn","isPartOf":{"@id":"https:\/\/walkingwithmomssaop.com\/es\/#website"},"primaryImageOfPage":{"@id":"https:\/\/walkingwithmomssaop.com\/es\/faith\/#primaryimage"},"image":{"@id":"https:\/\/walkingwithmomssaop.com\/es\/faith\/#primaryimage"},"thumbnailUrl":"https:\/\/walkingwithmomssaop.com\/wp-content\/uploads\/2023\/10\/about-us-2.jpg","datePublished":"2023-10-20T12:10:00+00:00","dateModified":"2024-09-13T13:51:58+00:00","breadcrumb":{"@id":"https:\/\/walkingwithmomssaop.com\/es\/faith\/#breadcrumb"},"inLanguage":"es","potentialAction":[{"@type":"ReadAction","target":["https:\/\/walkingwithmomssaop.com\/es\/faith\/"]}]},{"@type":"ImageObject","inLanguage":"es","@id":"https:\/\/walkingwithmomssaop.com\/es\/faith\/#primaryimage","url":"https:\/\/walkingwithmomssaop.com\/wp-content\/uploads\/2023\/10\/about-us-2.jpg","contentUrl":"https:\/\/walkingwithmomssaop.com\/wp-content\/uploads\/2023\/10\/about-us-2.jpg","width":1920,"height":433},{"@type":"BreadcrumbList","@id":"https:\/\/walkingwithmomssaop.com\/es\/faith\/#breadcrumb","itemListElement":[{"@type":"ListItem","position":1,"name":"Home","item":"https:\/\/walkingwithmomssaop.com\/es\/"},{"@type":"ListItem","position":2,"name":"Inspiraci\u00f3n"}]},{"@type":"WebSite","@id":"https:\/\/walkingwithmomssaop.com\/es\/#website","url":"https:\/\/walkingwithmomssaop.com\/es\/","name":"WWMIn","description":"","potentialAction":[{"@type":"SearchAction","target":{"@type":"EntryPoint","urlTemplate":"https:\/\/walkingwithmomssaop.com\/es\/?s={search_term_string}"},"query-input":{"@type":"PropertyValueSpecification","valueRequired":true,"valueName":"search_term_string"}}],"inLanguage":"es"}]}},"featured_image_src":"https:\/\/walkingwithmomssaop.com\/wp-content\/uploads\/2023\/10\/about-us-2-600x400.jpg","featured_image_src_square":"https:\/\/walkingwithmomssaop.com\/wp-content\/uploads\/2023\/10\/about-us-2-600x433.jpg","_links":{"self":[{"href":"https:\/\/walkingwithmomssaop.com\/es\/wp-json\/wp\/v2\/pages\/203","targetHints":{"allow":["GET"]}}],"collection":[{"href":"https:\/\/walkingwithmomssaop.com\/es\/wp-json\/wp\/v2\/pages"}],"about":[{"href":"https:\/\/walkingwithmomssaop.com\/es\/wp-json\/wp\/v2\/types\/page"}],"author":[{"embeddable":true,"href":"https:\/\/walkingwithmomssaop.com\/es\/wp-json\/wp\/v2\/users\/2"}],"replies":[{"embeddable":true,"href":"https:\/\/walkingwithmomssaop.com\/es\/wp-json\/wp\/v2\/comments?post=203"}],"version-history":[{"count":0,"href":"https:\/\/walkingwithmomssaop.com\/es\/wp-json\/wp\/v2\/pages\/203\/revisions"}],"wp:featuredmedia":[{"embeddable":true,"href":"https:\/\/walkingwithmomssaop.com\/es\/wp-json\/wp\/v2\/media\/197"}],"wp:attachment":[{"href":"https:\/\/walkingwithmomssaop.com\/es\/wp-json\/wp\/v2\/media?parent=203"}],"curies":[{"name":"wp","href":"https:\/\/api.w.org\/{rel}","templated":true}]}}