{"id":201,"date":"2023-10-10T20:35:24","date_gmt":"2023-10-10T20:35:24","guid":{"rendered":"https:\/\/walkingwithmomssaop.com\/about-us\/"},"modified":"2024-09-19T15:48:43","modified_gmt":"2024-09-19T15:48:43","slug":"about-us","status":"publish","type":"page","link":"https:\/\/walkingwithmomssaop.com\/es\/about-us\/","title":{"rendered":"Sobre nosotros"},"content":{"rendered":"<p><img loading=\"lazy\" decoding=\"async\" class=\" wp-image-367 aligncenter\" src=\"https:\/\/walkingwithmomssaop.com\/wp-content\/uploads\/2024\/02\/WWWIN-logo-Logo-300x160.png\" alt=\"\" width=\"653\" height=\"348\" srcset=\"https:\/\/walkingwithmomssaop.com\/wp-content\/uploads\/2024\/02\/WWWIN-logo-Logo-300x160.png 300w, https:\/\/walkingwithmomssaop.com\/wp-content\/uploads\/2024\/02\/WWWIN-logo-Logo-768x410.png 768w, https:\/\/walkingwithmomssaop.com\/wp-content\/uploads\/2024\/02\/WWWIN-logo-Logo.png 1024w\" sizes=\"auto, (max-width: 653px) 100vw, 653px\" \/><\/p>\n<p>En El Evangelio de la Vida, el Papa San Juan Pablo II invit\u00f3 a los cat\u00f3licos a analizar detenidamente c\u00f3mo nosotros, como seguidores de Cristo, ayudamos a las madres solteras embarazadas y madres en situaciones vulnerables en nuestra comunidad parroquial. Si atendemos y apoyamos a estas madres, tal vez encontremos nuevas formas de mejorar nuestras respuestas a la vida.<\/p>\n<p>La Conferencia de Obispos Cat\u00f3licos de los Estados Unidos lanz\u00f3 un esfuerzo a nivel nacional titulado \u201cWalking With Moms in Need\u201d (\u201cCaminando con madres necesitadas\u201d), invitando a las parroquias como la nuestra a unirse a la causa en la tarea fundamental de acompa\u00f1ar verdaderamente a las madres solteras embarazadas y madres en situaci\u00f3n vulnerable.<\/p>\n<p>En la comunidad de la Iglesia Cat\u00f3lica San Antonio de Padua hemos establecido un sitio web que funge como directorio de recursos, asociaciones y voluntarios del ministerio para ser ese compa\u00f1ero que brinde la ayuda necesaria en el momento oportuno.<\/p>\n<p>El Papa San Juan Pablo II escribe: \u201cCon gran apertura y valent\u00eda, debemos cuestionar cu\u00e1n extendida est\u00e1 hoy la cultura de la vida entre cristianos como individuos, familias y comunidades. Con igual claridad y determinaci\u00f3n, debemos identificar los pasos que estamos llamados a dar para servir a la vida en toda su verdad\u201d. Evangelim Vitae (Evangelio de la Vida) #95<\/p>\n","protected":false},"excerpt":{"rendered":"<p>En El Evangelio de la Vida, el Papa San Juan Pablo II invit\u00f3 a los cat\u00f3licos a analizar detenidamente c\u00f3mo nosotros, como seguidores de Cristo, ayudamos a las madres solteras embarazadas y madres en situaciones vulnerables en nuestra comunidad parroquial. Si atendemos y apoyamos a estas madres, tal vez encontremos nuevas formas de mejorar nuestras [&hellip;]<\/p>\n","protected":false},"author":2,"featured_media":197,"parent":0,"menu_order":0,"comment_status":"closed","ping_status":"closed","template":"basic-page.php","meta":{"_acf_changed":false,"footnotes":""},"class_list":["post-201","page","type-page","status-publish","has-post-thumbnail","hentry"],"acf":[],"yoast_head":"<!-- This site is optimized with the Yoast SEO plugin v26.0 - https:\/\/yoast.com\/wordpress\/plugins\/seo\/ -->\n<title>Sobre nosotros - WWMIn<\/title>\n<meta name=\"robots\" content=\"index, follow, max-snippet:-1, max-image-preview:large, max-video-preview:-1\" \/>\n<link rel=\"canonical\" href=\"https:\/\/walkingwithmomssaop.com\/es\/about-us\/\" \/>\n<meta property=\"og:locale\" content=\"es_ES\" \/>\n<meta property=\"og:type\" content=\"article\" \/>\n<meta property=\"og:title\" content=\"Sobre nosotros - WWMIn\" \/>\n<meta property=\"og:description\" content=\"En El Evangelio de la Vida, el Papa San Juan Pablo II invit\u00f3 a los cat\u00f3licos a analizar detenidamente c\u00f3mo nosotros, como seguidores de Cristo, ayudamos a las madres solteras embarazadas y madres en situaciones vulnerables en nuestra comunidad parroquial. Si atendemos y apoyamos a estas madres, tal vez encontremos nuevas formas de mejorar nuestras [&hellip;]\" \/>\n<meta property=\"og:url\" content=\"https:\/\/walkingwithmomssaop.com\/es\/about-us\/\" \/>\n<meta property=\"og:site_name\" content=\"WWMIn\" \/>\n<meta property=\"article:modified_time\" content=\"2024-09-19T15:48:43+00:00\" \/>\n<meta property=\"og:image\" content=\"https:\/\/walkingwithmomssaop.com\/wp-content\/uploads\/2023\/10\/about-us-2.jpg\" \/>\n\t<meta property=\"og:image:width\" content=\"1920\" \/>\n\t<meta property=\"og:image:height\" content=\"433\" \/>\n\t<meta property=\"og:image:type\" content=\"image\/jpeg\" \/>\n<meta name=\"twitter:card\" content=\"summary_large_image\" \/>\n<meta name=\"twitter:label1\" content=\"Tiempo de lectura\" \/>\n\t<meta name=\"twitter:data1\" content=\"2 minutos\" \/>\n<script type=\"application\/ld+json\" class=\"yoast-schema-graph\">{\"@context\":\"https:\/\/schema.org\",\"@graph\":[{\"@type\":\"WebPage\",\"@id\":\"https:\/\/walkingwithmomssaop.com\/es\/about-us\/\",\"url\":\"https:\/\/walkingwithmomssaop.com\/es\/about-us\/\",\"name\":\"Sobre nosotros - WWMIn\",\"isPartOf\":{\"@id\":\"https:\/\/walkingwithmomssaop.com\/es\/#website\"},\"primaryImageOfPage\":{\"@id\":\"https:\/\/walkingwithmomssaop.com\/es\/about-us\/#primaryimage\"},\"image\":{\"@id\":\"https:\/\/walkingwithmomssaop.com\/es\/about-us\/#primaryimage\"},\"thumbnailUrl\":\"https:\/\/walkingwithmomssaop.com\/wp-content\/uploads\/2023\/10\/about-us-2.jpg\",\"datePublished\":\"2023-10-10T20:35:24+00:00\",\"dateModified\":\"2024-09-19T15:48:43+00:00\",\"breadcrumb\":{\"@id\":\"https:\/\/walkingwithmomssaop.com\/es\/about-us\/#breadcrumb\"},\"inLanguage\":\"es\",\"potentialAction\":[{\"@type\":\"ReadAction\",\"target\":[\"https:\/\/walkingwithmomssaop.com\/es\/about-us\/\"]}]},{\"@type\":\"ImageObject\",\"inLanguage\":\"es\",\"@id\":\"https:\/\/walkingwithmomssaop.com\/es\/about-us\/#primaryimage\",\"url\":\"https:\/\/walkingwithmomssaop.com\/wp-content\/uploads\/2023\/10\/about-us-2.jpg\",\"contentUrl\":\"https:\/\/walkingwithmomssaop.com\/wp-content\/uploads\/2023\/10\/about-us-2.jpg\",\"width\":1920,\"height\":433},{\"@type\":\"BreadcrumbList\",\"@id\":\"https:\/\/walkingwithmomssaop.com\/es\/about-us\/#breadcrumb\",\"itemListElement\":[{\"@type\":\"ListItem\",\"position\":1,\"name\":\"Home\",\"item\":\"https:\/\/walkingwithmomssaop.com\/es\/\"},{\"@type\":\"ListItem\",\"position\":2,\"name\":\"Sobre nosotros\"}]},{\"@type\":\"WebSite\",\"@id\":\"https:\/\/walkingwithmomssaop.com\/es\/#website\",\"url\":\"https:\/\/walkingwithmomssaop.com\/es\/\",\"name\":\"WWMIn\",\"description\":\"\",\"potentialAction\":[{\"@type\":\"SearchAction\",\"target\":{\"@type\":\"EntryPoint\",\"urlTemplate\":\"https:\/\/walkingwithmomssaop.com\/es\/?s={search_term_string}\"},\"query-input\":{\"@type\":\"PropertyValueSpecification\",\"valueRequired\":true,\"valueName\":\"search_term_string\"}}],\"inLanguage\":\"es\"}]}<\/script>\n<!-- \/ Yoast SEO plugin. -->","yoast_head_json":{"title":"Sobre nosotros - WWMIn","robots":{"index":"index","follow":"follow","max-snippet":"max-snippet:-1","max-image-preview":"max-image-preview:large","max-video-preview":"max-video-preview:-1"},"canonical":"https:\/\/walkingwithmomssaop.com\/es\/about-us\/","og_locale":"es_ES","og_type":"article","og_title":"Sobre nosotros - WWMIn","og_description":"En El Evangelio de la Vida, el Papa San Juan Pablo II invit\u00f3 a los cat\u00f3licos a analizar detenidamente c\u00f3mo nosotros, como seguidores de Cristo, ayudamos a las madres solteras embarazadas y madres en situaciones vulnerables en nuestra comunidad parroquial. Si atendemos y apoyamos a estas madres, tal vez encontremos nuevas formas de mejorar nuestras [&hellip;]","og_url":"https:\/\/walkingwithmomssaop.com\/es\/about-us\/","og_site_name":"WWMIn","article_modified_time":"2024-09-19T15:48:43+00:00","og_image":[{"width":1920,"height":433,"url":"https:\/\/walkingwithmomssaop.com\/wp-content\/uploads\/2023\/10\/about-us-2.jpg","type":"image\/jpeg"}],"twitter_card":"summary_large_image","twitter_misc":{"Tiempo de lectura":"2 minutos"},"schema":{"@context":"https:\/\/schema.org","@graph":[{"@type":"WebPage","@id":"https:\/\/walkingwithmomssaop.com\/es\/about-us\/","url":"https:\/\/walkingwithmomssaop.com\/es\/about-us\/","name":"Sobre nosotros - WWMIn","isPartOf":{"@id":"https:\/\/walkingwithmomssaop.com\/es\/#website"},"primaryImageOfPage":{"@id":"https:\/\/walkingwithmomssaop.com\/es\/about-us\/#primaryimage"},"image":{"@id":"https:\/\/walkingwithmomssaop.com\/es\/about-us\/#primaryimage"},"thumbnailUrl":"https:\/\/walkingwithmomssaop.com\/wp-content\/uploads\/2023\/10\/about-us-2.jpg","datePublished":"2023-10-10T20:35:24+00:00","dateModified":"2024-09-19T15:48:43+00:00","breadcrumb":{"@id":"https:\/\/walkingwithmomssaop.com\/es\/about-us\/#breadcrumb"},"inLanguage":"es","potentialAction":[{"@type":"ReadAction","target":["https:\/\/walkingwithmomssaop.com\/es\/about-us\/"]}]},{"@type":"ImageObject","inLanguage":"es","@id":"https:\/\/walkingwithmomssaop.com\/es\/about-us\/#primaryimage","url":"https:\/\/walkingwithmomssaop.com\/wp-content\/uploads\/2023\/10\/about-us-2.jpg","contentUrl":"https:\/\/walkingwithmomssaop.com\/wp-content\/uploads\/2023\/10\/about-us-2.jpg","width":1920,"height":433},{"@type":"BreadcrumbList","@id":"https:\/\/walkingwithmomssaop.com\/es\/about-us\/#breadcrumb","itemListElement":[{"@type":"ListItem","position":1,"name":"Home","item":"https:\/\/walkingwithmomssaop.com\/es\/"},{"@type":"ListItem","position":2,"name":"Sobre nosotros"}]},{"@type":"WebSite","@id":"https:\/\/walkingwithmomssaop.com\/es\/#website","url":"https:\/\/walkingwithmomssaop.com\/es\/","name":"WWMIn","description":"","potentialAction":[{"@type":"SearchAction","target":{"@type":"EntryPoint","urlTemplate":"https:\/\/walkingwithmomssaop.com\/es\/?s={search_term_string}"},"query-input":{"@type":"PropertyValueSpecification","valueRequired":true,"valueName":"search_term_string"}}],"inLanguage":"es"}]}},"featured_image_src":"https:\/\/walkingwithmomssaop.com\/wp-content\/uploads\/2023\/10\/about-us-2-600x400.jpg","featured_image_src_square":"https:\/\/walkingwithmomssaop.com\/wp-content\/uploads\/2023\/10\/about-us-2-600x433.jpg","_links":{"self":[{"href":"https:\/\/walkingwithmomssaop.com\/es\/wp-json\/wp\/v2\/pages\/201","targetHints":{"allow":["GET"]}}],"collection":[{"href":"https:\/\/walkingwithmomssaop.com\/es\/wp-json\/wp\/v2\/pages"}],"about":[{"href":"https:\/\/walkingwithmomssaop.com\/es\/wp-json\/wp\/v2\/types\/page"}],"author":[{"embeddable":true,"href":"https:\/\/walkingwithmomssaop.com\/es\/wp-json\/wp\/v2\/users\/2"}],"replies":[{"embeddable":true,"href":"https:\/\/walkingwithmomssaop.com\/es\/wp-json\/wp\/v2\/comments?post=201"}],"version-history":[{"count":0,"href":"https:\/\/walkingwithmomssaop.com\/es\/wp-json\/wp\/v2\/pages\/201\/revisions"}],"wp:featuredmedia":[{"embeddable":true,"href":"https:\/\/walkingwithmomssaop.com\/es\/wp-json\/wp\/v2\/media\/197"}],"wp:attachment":[{"href":"https:\/\/walkingwithmomssaop.com\/es\/wp-json\/wp\/v2\/media?parent=201"}],"curies":[{"name":"wp","href":"https:\/\/api.w.org\/{rel}","templated":true}]}}