{"id":1115,"date":"2023-10-20T12:12:22","date_gmt":"2023-10-20T12:12:22","guid":{"rendered":"https:\/\/walkingwithmomssaop.com\/get-involved\/"},"modified":"2024-09-19T12:22:48","modified_gmt":"2024-09-19T12:22:48","slug":"get-involved","status":"publish","type":"page","link":"https:\/\/walkingwithmomssaop.com\/es\/get-involved\/","title":{"rendered":"\u00danete y ap\u00f3yanos"},"content":{"rendered":"<p style=\"text-align: center;\">Estamos entusiasmados en que quieras ser parte de Walking with Moms in Need en la Iglesia Cat\u00f3lica San Antonio de Padua. Existen muchas maneras en las que puedes involucrarte en esta iniciativa de nuestra parroquia y la comunidad local. Por favor, revisa las categor\u00edas a continuaci\u00f3n y env\u00edanos un mensaje sobre d\u00f3nde te gustar\u00eda apoyarnos. <strong>Tiempo, Talento, Tesoro<\/strong><\/p>\n<h3 style=\"text-align: center;\"><span style=\"color: #333399;\"><strong>TIEMPO<\/strong><\/span><\/h3>\n<p style=\"text-align: center;\">\u00a1\u00danete a nuestro equipo de ministerio! Tenemos muchos roles que puedes desempe\u00f1ar para apoyar a las madres en situaciones vulnerables.<\/p>\n<h3 style=\"text-align: center;\"><span style=\"color: #333399;\"><strong>TALENTO<\/strong><\/span><\/h3>\n<p style=\"text-align: center;\">Tienes habilidades o servicios que deseas donar, como legal, m\u00e9dico, mec\u00e1nico, carpinter\u00eda, etc. Com\u00e9ntanos en d\u00f3nde deseas colaborar y ofrecer tus servicios. Posteriormente te redireccionaremos a la agencia de ayuda que pueda sumar tu talento para atender las necesidades de las madres en situaciones vulnerables de nuestra comunidad.<\/p>\n<h3 style=\"text-align: center;\"><span style=\"color: #333399;\"><strong>TESORO<\/strong><\/span><\/h3>\n<p style=\"text-align: center;\">\u00bfTienes art\u00edculos, objetos o apoyo en especie que te gustar\u00eda donar? \u00a1Excelente! Cont\u00e1ctanos y nosotros podemos dirigirte a la agencia de ayuda en especie en nuestra comunidad local para recibir cualquiera de los siguientes objetos: Mobiliario, veh\u00edculos, viviendas de alquiler disponibles, ropa, etc.<\/p>\n<p style=\"text-align: center;\">\n<div class=\"wpcf7 no-js\" id=\"wpcf7-f537-o1\" lang=\"en-US\" dir=\"ltr\" data-wpcf7-id=\"537\">\n<div class=\"screen-reader-response\"><p role=\"status\" aria-live=\"polite\" aria-atomic=\"true\"><\/p> <ul><\/ul><\/div>\n<form action=\"\/es\/wp-json\/wp\/v2\/pages\/1115#wpcf7-f537-o1\" method=\"post\" class=\"wpcf7-form init\" aria-label=\"Contact form\" novalidate=\"novalidate\" data-status=\"init\">\n<fieldset class=\"hidden-fields-container\"><input type=\"hidden\" name=\"_wpcf7\" value=\"537\" \/><input type=\"hidden\" name=\"_wpcf7_version\" value=\"6.1.1\" \/><input type=\"hidden\" name=\"_wpcf7_locale\" value=\"en_US\" \/><input type=\"hidden\" name=\"_wpcf7_unit_tag\" value=\"wpcf7-f537-o1\" \/><input type=\"hidden\" name=\"_wpcf7_container_post\" value=\"0\" \/><input type=\"hidden\" name=\"_wpcf7_posted_data_hash\" value=\"\" \/><input type=\"hidden\" name=\"_wpcf7_recaptcha_response\" value=\"\" \/>\n<\/fieldset>\n<p><span class=\"wpcf7-form-control-wrap\" data-name=\"nombre\"><input size=\"40\" maxlength=\"400\" class=\"wpcf7-form-control wpcf7-text wpcf7-validates-as-required\" aria-required=\"true\" aria-invalid=\"false\" placeholder=\"Name:\" value=\"\" type=\"text\" name=\"nombre\" \/><\/span><br \/>\n<span class=\"wpcf7-form-control-wrap\" data-name=\"correo\"><input size=\"40\" maxlength=\"400\" class=\"wpcf7-form-control wpcf7-email wpcf7-validates-as-required wpcf7-text wpcf7-validates-as-email\" aria-required=\"true\" aria-invalid=\"false\" placeholder=\"Email:\" value=\"\" type=\"email\" name=\"correo\" \/><\/span><br \/>\n<span class=\"wpcf7-form-control-wrap\" data-name=\"telefono\"><input size=\"40\" maxlength=\"400\" class=\"wpcf7-form-control wpcf7-tel wpcf7-validates-as-required wpcf7-text wpcf7-validates-as-tel\" aria-required=\"true\" aria-invalid=\"false\" placeholder=\"Contact Number\" value=\"\" type=\"tel\" name=\"telefono\" \/><\/span>\n<\/p>\n<p>Indicate details on where you can help and get more involved:\n<\/p>\n<p><span class=\"wpcf7-form-control-wrap\" data-name=\"detalles\"><textarea cols=\"40\" rows=\"10\" maxlength=\"2000\" class=\"wpcf7-form-control wpcf7-textarea\" aria-invalid=\"false\" name=\"detalles\"><\/textarea><\/span><br \/>\n<input class=\"wpcf7-form-control wpcf7-submit has-spinner\" type=\"submit\" value=\"Submit\" \/>\n<\/p><div class=\"wpcf7-response-output\" aria-hidden=\"true\"><\/div>\n<\/form>\n<\/div>\n<\/p>\n","protected":false},"excerpt":{"rendered":"<p>Estamos entusiasmados en que quieras ser parte de Walking with Moms in Need en la Iglesia Cat\u00f3lica San Antonio de Padua. Existen muchas maneras en las que puedes involucrarte en esta iniciativa de nuestra parroquia y la comunidad local. Por favor, revisa las categor\u00edas a continuaci\u00f3n y env\u00edanos un mensaje sobre d\u00f3nde te gustar\u00eda apoyarnos. [&hellip;]<\/p>\n","protected":false},"author":2,"featured_media":197,"parent":0,"menu_order":0,"comment_status":"closed","ping_status":"closed","template":"basic-page.php","meta":{"_acf_changed":false,"footnotes":""},"class_list":["post-1115","page","type-page","status-publish","has-post-thumbnail","hentry"],"acf":[],"yoast_head":"<!-- This site is optimized with the Yoast SEO plugin v26.0 - https:\/\/yoast.com\/wordpress\/plugins\/seo\/ -->\n<title>\u00danete y ap\u00f3yanos - WWMIn<\/title>\n<meta name=\"robots\" content=\"index, follow, max-snippet:-1, max-image-preview:large, max-video-preview:-1\" \/>\n<link rel=\"canonical\" href=\"https:\/\/walkingwithmomssaop.com\/es\/get-involved\/\" \/>\n<meta property=\"og:locale\" content=\"es_ES\" \/>\n<meta property=\"og:type\" content=\"article\" \/>\n<meta property=\"og:title\" content=\"\u00danete y ap\u00f3yanos - WWMIn\" \/>\n<meta property=\"og:description\" content=\"Estamos entusiasmados en que quieras ser parte de Walking with Moms in Need en la Iglesia Cat\u00f3lica San Antonio de Padua. Existen muchas maneras en las que puedes involucrarte en esta iniciativa de nuestra parroquia y la comunidad local. Por favor, revisa las categor\u00edas a continuaci\u00f3n y env\u00edanos un mensaje sobre d\u00f3nde te gustar\u00eda apoyarnos. [&hellip;]\" \/>\n<meta property=\"og:url\" content=\"https:\/\/walkingwithmomssaop.com\/es\/get-involved\/\" \/>\n<meta property=\"og:site_name\" content=\"WWMIn\" \/>\n<meta property=\"article:modified_time\" content=\"2024-09-19T12:22:48+00:00\" \/>\n<meta property=\"og:image\" content=\"https:\/\/walkingwithmomssaop.com\/wp-content\/uploads\/2023\/10\/about-us-2.jpg\" \/>\n\t<meta property=\"og:image:width\" content=\"1920\" \/>\n\t<meta property=\"og:image:height\" content=\"433\" \/>\n\t<meta property=\"og:image:type\" content=\"image\/jpeg\" \/>\n<meta name=\"twitter:card\" content=\"summary_large_image\" \/>\n<meta name=\"twitter:label1\" content=\"Tiempo de lectura\" \/>\n\t<meta name=\"twitter:data1\" content=\"1 minuto\" \/>\n<script type=\"application\/ld+json\" class=\"yoast-schema-graph\">{\"@context\":\"https:\/\/schema.org\",\"@graph\":[{\"@type\":\"WebPage\",\"@id\":\"https:\/\/walkingwithmomssaop.com\/es\/get-involved\/\",\"url\":\"https:\/\/walkingwithmomssaop.com\/es\/get-involved\/\",\"name\":\"\u00danete y ap\u00f3yanos - WWMIn\",\"isPartOf\":{\"@id\":\"https:\/\/walkingwithmomssaop.com\/es\/#website\"},\"primaryImageOfPage\":{\"@id\":\"https:\/\/walkingwithmomssaop.com\/es\/get-involved\/#primaryimage\"},\"image\":{\"@id\":\"https:\/\/walkingwithmomssaop.com\/es\/get-involved\/#primaryimage\"},\"thumbnailUrl\":\"https:\/\/walkingwithmomssaop.com\/wp-content\/uploads\/2023\/10\/about-us-2.jpg\",\"datePublished\":\"2023-10-20T12:12:22+00:00\",\"dateModified\":\"2024-09-19T12:22:48+00:00\",\"breadcrumb\":{\"@id\":\"https:\/\/walkingwithmomssaop.com\/es\/get-involved\/#breadcrumb\"},\"inLanguage\":\"es\",\"potentialAction\":[{\"@type\":\"ReadAction\",\"target\":[\"https:\/\/walkingwithmomssaop.com\/es\/get-involved\/\"]}]},{\"@type\":\"ImageObject\",\"inLanguage\":\"es\",\"@id\":\"https:\/\/walkingwithmomssaop.com\/es\/get-involved\/#primaryimage\",\"url\":\"https:\/\/walkingwithmomssaop.com\/wp-content\/uploads\/2023\/10\/about-us-2.jpg\",\"contentUrl\":\"https:\/\/walkingwithmomssaop.com\/wp-content\/uploads\/2023\/10\/about-us-2.jpg\",\"width\":1920,\"height\":433},{\"@type\":\"BreadcrumbList\",\"@id\":\"https:\/\/walkingwithmomssaop.com\/es\/get-involved\/#breadcrumb\",\"itemListElement\":[{\"@type\":\"ListItem\",\"position\":1,\"name\":\"Home\",\"item\":\"https:\/\/walkingwithmomssaop.com\/es\/\"},{\"@type\":\"ListItem\",\"position\":2,\"name\":\"\u00danete y ap\u00f3yanos\"}]},{\"@type\":\"WebSite\",\"@id\":\"https:\/\/walkingwithmomssaop.com\/es\/#website\",\"url\":\"https:\/\/walkingwithmomssaop.com\/es\/\",\"name\":\"WWMIn\",\"description\":\"\",\"potentialAction\":[{\"@type\":\"SearchAction\",\"target\":{\"@type\":\"EntryPoint\",\"urlTemplate\":\"https:\/\/walkingwithmomssaop.com\/es\/?s={search_term_string}\"},\"query-input\":{\"@type\":\"PropertyValueSpecification\",\"valueRequired\":true,\"valueName\":\"search_term_string\"}}],\"inLanguage\":\"es\"}]}<\/script>\n<!-- \/ Yoast SEO plugin. -->","yoast_head_json":{"title":"\u00danete y ap\u00f3yanos - WWMIn","robots":{"index":"index","follow":"follow","max-snippet":"max-snippet:-1","max-image-preview":"max-image-preview:large","max-video-preview":"max-video-preview:-1"},"canonical":"https:\/\/walkingwithmomssaop.com\/es\/get-involved\/","og_locale":"es_ES","og_type":"article","og_title":"\u00danete y ap\u00f3yanos - WWMIn","og_description":"Estamos entusiasmados en que quieras ser parte de Walking with Moms in Need en la Iglesia Cat\u00f3lica San Antonio de Padua. Existen muchas maneras en las que puedes involucrarte en esta iniciativa de nuestra parroquia y la comunidad local. Por favor, revisa las categor\u00edas a continuaci\u00f3n y env\u00edanos un mensaje sobre d\u00f3nde te gustar\u00eda apoyarnos. [&hellip;]","og_url":"https:\/\/walkingwithmomssaop.com\/es\/get-involved\/","og_site_name":"WWMIn","article_modified_time":"2024-09-19T12:22:48+00:00","og_image":[{"width":1920,"height":433,"url":"https:\/\/walkingwithmomssaop.com\/wp-content\/uploads\/2023\/10\/about-us-2.jpg","type":"image\/jpeg"}],"twitter_card":"summary_large_image","twitter_misc":{"Tiempo de lectura":"1 minuto"},"schema":{"@context":"https:\/\/schema.org","@graph":[{"@type":"WebPage","@id":"https:\/\/walkingwithmomssaop.com\/es\/get-involved\/","url":"https:\/\/walkingwithmomssaop.com\/es\/get-involved\/","name":"\u00danete y ap\u00f3yanos - WWMIn","isPartOf":{"@id":"https:\/\/walkingwithmomssaop.com\/es\/#website"},"primaryImageOfPage":{"@id":"https:\/\/walkingwithmomssaop.com\/es\/get-involved\/#primaryimage"},"image":{"@id":"https:\/\/walkingwithmomssaop.com\/es\/get-involved\/#primaryimage"},"thumbnailUrl":"https:\/\/walkingwithmomssaop.com\/wp-content\/uploads\/2023\/10\/about-us-2.jpg","datePublished":"2023-10-20T12:12:22+00:00","dateModified":"2024-09-19T12:22:48+00:00","breadcrumb":{"@id":"https:\/\/walkingwithmomssaop.com\/es\/get-involved\/#breadcrumb"},"inLanguage":"es","potentialAction":[{"@type":"ReadAction","target":["https:\/\/walkingwithmomssaop.com\/es\/get-involved\/"]}]},{"@type":"ImageObject","inLanguage":"es","@id":"https:\/\/walkingwithmomssaop.com\/es\/get-involved\/#primaryimage","url":"https:\/\/walkingwithmomssaop.com\/wp-content\/uploads\/2023\/10\/about-us-2.jpg","contentUrl":"https:\/\/walkingwithmomssaop.com\/wp-content\/uploads\/2023\/10\/about-us-2.jpg","width":1920,"height":433},{"@type":"BreadcrumbList","@id":"https:\/\/walkingwithmomssaop.com\/es\/get-involved\/#breadcrumb","itemListElement":[{"@type":"ListItem","position":1,"name":"Home","item":"https:\/\/walkingwithmomssaop.com\/es\/"},{"@type":"ListItem","position":2,"name":"\u00danete y ap\u00f3yanos"}]},{"@type":"WebSite","@id":"https:\/\/walkingwithmomssaop.com\/es\/#website","url":"https:\/\/walkingwithmomssaop.com\/es\/","name":"WWMIn","description":"","potentialAction":[{"@type":"SearchAction","target":{"@type":"EntryPoint","urlTemplate":"https:\/\/walkingwithmomssaop.com\/es\/?s={search_term_string}"},"query-input":{"@type":"PropertyValueSpecification","valueRequired":true,"valueName":"search_term_string"}}],"inLanguage":"es"}]}},"featured_image_src":"https:\/\/walkingwithmomssaop.com\/wp-content\/uploads\/2023\/10\/about-us-2-600x400.jpg","featured_image_src_square":"https:\/\/walkingwithmomssaop.com\/wp-content\/uploads\/2023\/10\/about-us-2-600x433.jpg","_links":{"self":[{"href":"https:\/\/walkingwithmomssaop.com\/es\/wp-json\/wp\/v2\/pages\/1115","targetHints":{"allow":["GET"]}}],"collection":[{"href":"https:\/\/walkingwithmomssaop.com\/es\/wp-json\/wp\/v2\/pages"}],"about":[{"href":"https:\/\/walkingwithmomssaop.com\/es\/wp-json\/wp\/v2\/types\/page"}],"author":[{"embeddable":true,"href":"https:\/\/walkingwithmomssaop.com\/es\/wp-json\/wp\/v2\/users\/2"}],"replies":[{"embeddable":true,"href":"https:\/\/walkingwithmomssaop.com\/es\/wp-json\/wp\/v2\/comments?post=1115"}],"version-history":[{"count":0,"href":"https:\/\/walkingwithmomssaop.com\/es\/wp-json\/wp\/v2\/pages\/1115\/revisions"}],"wp:featuredmedia":[{"embeddable":true,"href":"https:\/\/walkingwithmomssaop.com\/es\/wp-json\/wp\/v2\/media\/197"}],"wp:attachment":[{"href":"https:\/\/walkingwithmomssaop.com\/es\/wp-json\/wp\/v2\/media?parent=1115"}],"curies":[{"name":"wp","href":"https:\/\/api.w.org\/{rel}","templated":true}]}}